{"id":31706,"date":"2026-05-11T10:55:34","date_gmt":"2026-05-11T10:55:34","guid":{"rendered":"https:\/\/landoid.shop\/product\/bestway-power-steel-frame-pool-set-mit-filterpumpe-305-x-200-x-84-cm-grau-oval\/"},"modified":"2026-05-11T10:55:34","modified_gmt":"2026-05-11T10:55:34","slug":"bestway-power-steel-frame-pool-set-mit-filterpumpe-305-x-200-x-84-cm-grau-oval","status":"publish","type":"product","link":"https:\/\/landoid.shop\/en\/product\/bestway-power-steel-frame-pool-set-mit-filterpumpe-305-x-200-x-84-cm-grau-oval\/","title":{"rendered":"Bestway Power Steel Frame Pool Oval 305x200x84 cm Grau mit Filterpumpe"},"content":{"rendered":"<p><strong>Product Overview<\/strong><\/p>\n<ul>\n<li>\n<strong>Marke:<\/strong> Bestway<\/li>\n<li>\n<strong>Kapazit\u00e4t:<\/strong> 3668 Liter<\/li>\n<li>\n<strong>Produktabmessungen:<\/strong> 3,05L x 2B x 0,84H m<\/li>\n<li>\n<strong>Form:<\/strong> Oval<\/li>\n<li>\n<strong>Farbe:<\/strong> Mehrfarbig<\/li>\n<\/ul>\n<p><strong>Product Features<\/strong><\/p>\n<ul>\n<li>Gr\u00f6\u00dfe: 305 x 200 x 84 cm, Wasserkapazit\u00e4t (90 %): 3.668 Liter<\/li>\n<li>3-lagiges TriTech -Material, Stahlrahmen mit Korrosionsschutz und Antihaftbeschichtung, Inklusive Filterpumpe #58381 1.249 l\/h<\/li>\n<li>Grau, Innenverkleidung in Fliesenmosaik-Optik<\/li>\n<li>Werkzeugloser Aufbau, integriertes Ablassventil mit Gartenschlauchadapter<\/li>\n<li>Inhalt: 1 Pool, 1 Filterpumpe, 1 ChemConnect Chemikaliendosierer, Reparaturflicken<\/li>\n<\/ul>\n<p><strong>Product Information<\/strong><\/p>\n<ul>\n<table style=\"margin-bottom:20px\">\n<tbody>\n<tr>\n<td><strong>Marke<\/strong><\/td>\n<td>Bestway<\/td>\n<\/tr>\n<tr>\n<td><strong>Enthaltene Komponenten<\/strong><\/td>\n<td>Inhalt: 1 Kajak, 1 Paddel, 1 Handpumpe, 2 Flossen, 1 Sitz, 1 Sitzerh\u00f6hung, 1 Fu\u00dfst\u00fctze, 1 Rucksack, 1 Reparaturflicken<\/td>\n<\/tr>\n<tr>\n<td><strong>Hersteller<\/strong><\/td>\n<td>Bestway<\/td>\n<\/tr>\n<tr>\n<td><strong>Erforderliche Montage<\/strong><\/td>\n<td>Ja<\/td>\n<\/tr>\n<tr>\n<td><strong>Besondere Merkmale<\/strong><\/td>\n<td>Dreilagiges TriTech-Material, Stahlrahmen mit Korrosionsschutz und Antihaftbeschichtung, Inklusive Filterpumpe #58381 1.249 l\/h, ChemConnect Chemikaliendosierer<\/td>\n<\/tr>\n<tr>\n<td><strong>Verwendung im Innen- und Au\u00dfenbereich<\/strong><\/td>\n<td>Au\u00dfenbereich<\/td>\n<\/tr>\n<tr>\n<td><strong>Modellnummer<\/strong><\/td>\n<td>5614AGS<\/td>\n<\/tr>\n<tr>\n<td><strong>Artikelnummer<\/strong><\/td>\n<td>6941607365977<\/td>\n<\/tr>\n<tr>\n<td><strong>Artikeltypbezeichnung<\/strong><\/td>\n<td>5614A<\/td>\n<\/tr>\n<tr>\n<td><strong>Herkunftsland<\/strong><\/td>\n<td>China<\/td>\n<\/tr>\n<tr>\n<td><strong>Anzahl von Einheiten<\/strong><\/td>\n<td>4.0 st\u00fcck<\/td>\n<\/tr>\n<tr>\n<td><strong>Amazon Bestseller-Rang<\/strong><\/td>\n<td><\/td>\n<\/tr>\n<tr>\n<td><strong>ASIN<\/strong><\/td>\n<td>B0D9ZQHFH3<\/td>\n<\/tr>\n<tr>\n<td><strong>Durchschnittliche Kundenbewertung<\/strong><\/td>\n<td><\/td>\n<\/tr>\n<tr>\n<td><strong>Capacity<\/strong><\/td>\n<td>3668 Liter<\/td>\n<\/tr>\n<tr>\n<td><strong>Artikel Abmessungen L x B x H<\/strong><\/td>\n<td>3,05L x 2B x 0,84H m<\/td>\n<\/tr>\n<tr>\n<td><strong>Artikelform<\/strong><\/td>\n<td>Oval<\/td>\n<\/tr>\n<tr>\n<td><strong>Farbe<\/strong><\/td>\n<td>Mehrfarbig<\/td>\n<\/tr>\n<tr>\n<td><strong>Material<\/strong><\/td>\n<td>TriTech, PVC, Stahl<\/td>\n<\/tr>\n<\/tbody>\n<\/table>\n<\/ul>","protected":false},"excerpt":{"rendered":"<p>Product Overview Marke: Bestway Kapazit\u00e4t: 3668 Liter Produktabmessungen: 3,05L x 2B x 0,84H m Form: Oval Farbe: Mehrfarbig Product Features<\/p>","protected":false},"featured_media":31707,"comment_status":"open","ping_status":"closed","template":"","meta":[],"product_brand":[],"product_cat":[153],"product_tag":[],"class_list":{"0":"post-31706","1":"product","2":"type-product","3":"status-publish","4":"has-post-thumbnail","6":"product_cat-aufstellpools","8":"first","9":"instock","10":"sale","11":"shipping-taxable","12":"purchasable","13":"product-type-simple"},"_links":{"self":[{"href":"https:\/\/landoid.shop\/en\/wp-json\/wp\/v2\/product\/31706","targetHints":{"allow":["GET"]}}],"collection":[{"href":"https:\/\/landoid.shop\/en\/wp-json\/wp\/v2\/product"}],"about":[{"href":"https:\/\/landoid.shop\/en\/wp-json\/wp\/v2\/types\/product"}],"replies":[{"embeddable":true,"href":"https:\/\/landoid.shop\/en\/wp-json\/wp\/v2\/comments?post=31706"}],"version-history":[{"count":0,"href":"https:\/\/landoid.shop\/en\/wp-json\/wp\/v2\/product\/31706\/revisions"}],"wp:featuredmedia":[{"embeddable":true,"href":"https:\/\/landoid.shop\/en\/wp-json\/wp\/v2\/media\/31707"}],"wp:attachment":[{"href":"https:\/\/landoid.shop\/en\/wp-json\/wp\/v2\/media?parent=31706"}],"wp:term":[{"taxonomy":"product_brand","embeddable":true,"href":"https:\/\/landoid.shop\/en\/wp-json\/wp\/v2\/product_brand?post=31706"},{"taxonomy":"product_cat","embeddable":true,"href":"https:\/\/landoid.shop\/en\/wp-json\/wp\/v2\/product_cat?post=31706"},{"taxonomy":"product_tag","embeddable":true,"href":"https:\/\/landoid.shop\/en\/wp-json\/wp\/v2\/product_tag?post=31706"}],"curies":[{"name":"wp","href":"https:\/\/api.w.org\/{rel}","templated":true}]}}