{"id":31709,"date":"2026-05-11T10:55:35","date_gmt":"2026-05-11T10:55:35","guid":{"rendered":"https:\/\/landoid.shop\/product\/bestway-steel-pro-max-frame-pool-set-mit-filterpumpe-o-366-x-100-cm-holz-optik-mooreiche-rund\/"},"modified":"2026-05-11T10:55:37","modified_gmt":"2026-05-11T10:55:37","slug":"bestway-steel-pro-max-frame-pool-set-mit-filterpumpe-o-366-x-100-cm-holz-optik-mooreiche-rund","status":"publish","type":"product","link":"https:\/\/landoid.shop\/en\/product\/bestway-steel-pro-max-frame-pool-set-mit-filterpumpe-o-366-x-100-cm-holz-optik-mooreiche-rund\/","title":{"rendered":"Bestway Steel Pro MAX Frame Pool Set Rund 366&#215;100 cm Holzoptik Mooreiche mit Filterpumpe"},"content":{"rendered":"<p><strong>Product Overview<\/strong><\/p>\n<ul>\n<li>\n<strong>Marke:<\/strong> Bestway<\/li>\n<li>\n<strong>Kapazit\u00e4t:<\/strong> 9150 Liter<\/li>\n<li>\n<strong>Produktabmessungen:<\/strong> 3,66L x 3,66B x 1H m<\/li>\n<li>\n<strong>Form:<\/strong> Rund<\/li>\n<li>\n<strong>Farbe:<\/strong> holzoptik grau<\/li>\n<\/ul>\n<p><strong>Product Features<\/strong><\/p>\n<ul>\n<li>Gr\u00f6\u00dfe: 366 x 100 cm, Wasserkapazit\u00e4t (90%): 9.150 Liter, einfacher Aufbau ohne Werkzeug, Holz-Optik (Mooreiche), Boden in Kieselmosaik-Optik<\/li>\n<li>Sichere Verbindung durch T-Verbinder, robustes, 3-lagiges DuraPlus -Material sorgt f\u00fcr enorme Langlebigkeit, selbstkl. Reparaturflicken, PVC-Band f\u00fcr extra Stabilit\u00e4t<\/li>\n<li>Inklusive Filterpumpe (2.006 l\/h, 220-240 V, 12 V Trafo, 40 W, GS-zertifiziert (DEKRA), Schutzklasse II, auch geeignet f\u00fcr den Betrieb in DE \/ NL \/ BE \/ LU) und passender Filterkartusche, Flowclear Sicherheitsleiter (107 cm)<\/li>\n<li>M\u00fcheloser Abbau, Lagerung sowie Transport, einfaches Entleeren durch integriertes Ablassventil (Gartenschlauchadapter enthalten)<\/li>\n<li>2 Jahre Herstellergarantie, umfangreicher Ersatzteil-Shop<\/li>\n<\/ul>\n<p><strong>Product Information<\/strong><\/p>\n<ul>\n<table style=\"margin-bottom:20px\">\n<tbody>\n<tr>\n<td><strong>Marke<\/strong><\/td>\n<td>Bestway<\/td>\n<\/tr>\n<tr>\n<td><strong>Enthaltene Komponenten<\/strong><\/td>\n<td>Filterpumpe<\/td>\n<\/tr>\n<tr>\n<td><strong>Hersteller<\/strong><\/td>\n<td>Bestway<\/td>\n<\/tr>\n<tr>\n<td><strong>Erforderliche Montage<\/strong><\/td>\n<td>Ja<\/td>\n<\/tr>\n<tr>\n<td><strong>Besondere Merkmale<\/strong><\/td>\n<td>Robuster, 3-lagiger DuraPlus-Material Pool liner, FrameLink System f\u00fcr einfache Montage ohne zus\u00e4tzliche Werkzeuge, T-Verbinder aus Kunststoff f\u00fcr sichere Verbindungen, integriertes Abluftventil f\u00fcr einfache Wasserstandsregulierung, Filterpumpe, Sicherheitsleiter und Filterkartusche im Lieferumfang enthalten<\/td>\n<\/tr>\n<tr>\n<td><strong>Verwendung im Innen- und Au\u00dfenbereich<\/strong><\/td>\n<td>Au\u00dfenbereich<\/td>\n<\/tr>\n<tr>\n<td><strong>Modellnummer<\/strong><\/td>\n<td>5614X<\/td>\n<\/tr>\n<tr>\n<td><strong>Artikelnummer<\/strong><\/td>\n<td>105614XGSX26<\/td>\n<\/tr>\n<tr>\n<td><strong>Artikeltypbezeichnung<\/strong><\/td>\n<td>Stahlrahmenbecken<\/td>\n<\/tr>\n<tr>\n<td><strong>Herkunftsland<\/strong><\/td>\n<td>China<\/td>\n<\/tr>\n<tr>\n<td><strong>Garantie<\/strong><\/td>\n<td>2 year manufacturer<\/td>\n<\/tr>\n<tr>\n<td><strong>Amazon Bestseller-Rang<\/strong><\/td>\n<td><\/td>\n<\/tr>\n<tr>\n<td><strong>ASIN<\/strong><\/td>\n<td>B08C9ZN8BW<\/td>\n<\/tr>\n<tr>\n<td><strong>Durchschnittliche Kundenbewertung<\/strong><\/td>\n<td><\/td>\n<\/tr>\n<tr>\n<td><strong>Capacity<\/strong><\/td>\n<td>9150 Liter<\/td>\n<\/tr>\n<tr>\n<td><strong>Artikel Abmessungen L x B x H<\/strong><\/td>\n<td>3,66L x 3,66B x 1H m<\/td>\n<\/tr>\n<tr>\n<td><strong>Artikelgewicht<\/strong><\/td>\n<td>35 Kilogramm<\/td>\n<\/tr>\n<tr>\n<td><strong>Artikelform<\/strong><\/td>\n<td>Rund<\/td>\n<\/tr>\n<tr>\n<td><strong>Farbe<\/strong><\/td>\n<td>holzoptik grau<\/td>\n<\/tr>\n<tr>\n<td><strong>Material<\/strong><\/td>\n<td>Polyvinylchlorid (PVC)<\/td>\n<\/tr>\n<tr>\n<td><strong>Verf\u00fcgbarkeitsdauer f\u00fcr EU-Ersatzteile<\/strong><\/td>\n<td>2 Jahre<\/td>\n<\/tr>\n<\/tbody>\n<\/table>\n<\/ul>","protected":false},"excerpt":{"rendered":"<p>Product Overview Marke: Bestway Kapazit\u00e4t: 9150 Liter Produktabmessungen: 3,66L x 3,66B x 1H m Form: Rund Farbe: holzoptik grau Product<\/p>","protected":false},"featured_media":31763,"comment_status":"open","ping_status":"closed","template":"","meta":[],"product_brand":[],"product_cat":[153],"product_tag":[],"class_list":{"0":"post-31709","1":"product","2":"type-product","3":"status-publish","4":"has-post-thumbnail","6":"product_cat-aufstellpools","8":"first","9":"instock","10":"sale","11":"shipping-taxable","12":"purchasable","13":"product-type-variable"},"_links":{"self":[{"href":"https:\/\/landoid.shop\/en\/wp-json\/wp\/v2\/product\/31709","targetHints":{"allow":["GET"]}}],"collection":[{"href":"https:\/\/landoid.shop\/en\/wp-json\/wp\/v2\/product"}],"about":[{"href":"https:\/\/landoid.shop\/en\/wp-json\/wp\/v2\/types\/product"}],"replies":[{"embeddable":true,"href":"https:\/\/landoid.shop\/en\/wp-json\/wp\/v2\/comments?post=31709"}],"version-history":[{"count":0,"href":"https:\/\/landoid.shop\/en\/wp-json\/wp\/v2\/product\/31709\/revisions"}],"wp:featuredmedia":[{"embeddable":true,"href":"https:\/\/landoid.shop\/en\/wp-json\/wp\/v2\/media\/31763"}],"wp:attachment":[{"href":"https:\/\/landoid.shop\/en\/wp-json\/wp\/v2\/media?parent=31709"}],"wp:term":[{"taxonomy":"product_brand","embeddable":true,"href":"https:\/\/landoid.shop\/en\/wp-json\/wp\/v2\/product_brand?post=31709"},{"taxonomy":"product_cat","embeddable":true,"href":"https:\/\/landoid.shop\/en\/wp-json\/wp\/v2\/product_cat?post=31709"},{"taxonomy":"product_tag","embeddable":true,"href":"https:\/\/landoid.shop\/en\/wp-json\/wp\/v2\/product_tag?post=31709"}],"curies":[{"name":"wp","href":"https:\/\/api.w.org\/{rel}","templated":true}]}}