{"id":31712,"date":"2026-05-11T10:55:36","date_gmt":"2026-05-11T10:55:36","guid":{"rendered":"https:\/\/landoid.shop\/product\/bestway-steel-pro-max-solo-pool-ohne-zubehor-366-x-100-cm-rattan-optik-schokobraun-rund\/"},"modified":"2026-05-11T10:55:36","modified_gmt":"2026-05-11T10:55:36","slug":"bestway-steel-pro-max-solo-pool-ohne-zubehor-366-x-100-cm-rattan-optik-schokobraun-rund","status":"publish","type":"product","link":"https:\/\/landoid.shop\/en\/product\/bestway-steel-pro-max-solo-pool-ohne-zubehor-366-x-100-cm-rattan-optik-schokobraun-rund\/","title":{"rendered":"Bestway Steel Pro MAX Pool Rund 366&#215;100 cm Rattanoptik Schokobraun ohne Zubeh\u00f6r"},"content":{"rendered":"<p><strong>Product Overview<\/strong><\/p>\n<ul>\n<li>\n<strong>Marke:<\/strong> Bestway<\/li>\n<li>\n<strong>Kapazit\u00e4t:<\/strong> 9159 Liter<\/li>\n<li>\n<strong>Produktabmessungen:<\/strong> 3,66L x 3,66B x 1H m<\/li>\n<li>\n<strong>Form:<\/strong> Rund<\/li>\n<li>\n<strong>Farbe:<\/strong> Mehrfarbig<\/li>\n<\/ul>\n<p><strong>Product Features<\/strong><\/p>\n<ul>\n<li>ROSTBEST\u00c4NDIGER UND GER\u00c4UMIGER SOLO POOL: 366 cm Durchmesser, 100 cm H\u00f6he, 9.150 Liter Kapazit\u00e4t \u2013 ideal f\u00fcr erfrischende Sommertage oder Winterabenteuer; ohne Zubeh\u00f6r, f\u00fcr maximale Flexibilit\u00e4t bei der individuellen Zusammenstellung des Pool-Sets<\/li>\n<li>STABILE KONSTRUKTION: Robustes TriTech-Material und verzinkter Stahlrahmen mit Antihaftbeschichtung bieten au\u00dfergew\u00f6hnliche Stabilit\u00e4t und Langlebigkeit; dein Pool bleibt auch bei intensiver Nutzung widerstandsf\u00e4hig f\u00fcr unbeschwerten Badespa\u00df<\/li>\n<li>ELEGANTES DESIGN: Die dunkle Marmor-Optik au\u00dfen und die helle Innenverkleidung verleihen Deinem Pool eine stilvolle, luxuri\u00f6se Atmosph\u00e4re, die sich perfekt in Deinen Garten einf\u00fcgt und optisch f\u00fcr ein Highlight sorgt<\/li>\n<li>MAXIMALE FLEXIBILIT\u00c4T BEIM SETUP: Ohne Zubeh\u00f6r im Lieferumfang \u2013 Du gestaltest Dein Pool-Set individuell, indem Du nach Belieben Filteranlagen, Abdeckplanen oder Sicherheitsleitern hinzuf\u00fcgst; so passt der Pool genau zu Deinen Bed\u00fcrfnissen<\/li>\n<li>EINFACHE MONTAGE: Das ClickConnect-System erm\u00f6glicht Dir einen schnellen, werkzeugfreien Aufbau. Dein Pool ist im Handumdrehen einsatzbereit, sodass Du mehr Zeit f\u00fcr den Spa\u00df im Wasser hast.<\/li>\n<\/ul>\n<p><strong>Product Information<\/strong><\/p>\n<ul>\n<table style=\"margin-bottom:20px\">\n<tbody>\n<tr>\n<td><strong>Marke<\/strong><\/td>\n<td>Bestway<\/td>\n<\/tr>\n<tr>\n<td><strong>Enthaltene Komponenten<\/strong><\/td>\n<td>Pool, Reparaturflicken<\/td>\n<\/tr>\n<tr>\n<td><strong>Hersteller<\/strong><\/td>\n<td>Bestway<\/td>\n<\/tr>\n<tr>\n<td><strong>Erforderliche Montage<\/strong><\/td>\n<td>Ja<\/td>\n<\/tr>\n<tr>\n<td><strong>Modellnummer<\/strong><\/td>\n<td>56923-7<\/td>\n<\/tr>\n<tr>\n<td><strong>Artikelnummer<\/strong><\/td>\n<td>56923-7<\/td>\n<\/tr>\n<tr>\n<td><strong>Artikeltypbezeichnung<\/strong><\/td>\n<td>56923_SP25<\/td>\n<\/tr>\n<tr>\n<td><strong>Amazon Bestseller-Rang<\/strong><\/td>\n<td><\/td>\n<\/tr>\n<tr>\n<td><strong>ASIN<\/strong><\/td>\n<td>B0DQ919NHN<\/td>\n<\/tr>\n<tr>\n<td><strong>Durchschnittliche Kundenbewertung<\/strong><\/td>\n<td><\/td>\n<\/tr>\n<tr>\n<td><strong>Capacity<\/strong><\/td>\n<td>9159 Liter<\/td>\n<\/tr>\n<tr>\n<td><strong>Artikel Abmessungen L x B x H<\/strong><\/td>\n<td>3,66L x 3,66B x 1H m<\/td>\n<\/tr>\n<tr>\n<td><strong>Artikelgewicht<\/strong><\/td>\n<td>23,97 Kilogramm<\/td>\n<\/tr>\n<tr>\n<td><strong>Artikelform<\/strong><\/td>\n<td>Rund<\/td>\n<\/tr>\n<tr>\n<td><strong>Farbe<\/strong><\/td>\n<td>Mehrfarbig<\/td>\n<\/tr>\n<tr>\n<td><strong>Material<\/strong><\/td>\n<td>Stahl (Stahl), Tritech<\/td>\n<\/tr>\n<\/tbody>\n<\/table>\n<\/ul>","protected":false},"excerpt":{"rendered":"<p>Product Overview Marke: Bestway Kapazit\u00e4t: 9159 Liter Produktabmessungen: 3,66L x 3,66B x 1H m Form: Rund Farbe: Mehrfarbig Product Features<\/p>","protected":false},"featured_media":31775,"comment_status":"open","ping_status":"closed","template":"","meta":[],"product_brand":[],"product_cat":[153],"product_tag":[],"class_list":{"0":"post-31712","1":"product","2":"type-product","3":"status-publish","4":"has-post-thumbnail","6":"product_cat-aufstellpools","8":"first","9":"instock","10":"sale","11":"shipping-taxable","12":"purchasable","13":"product-type-simple"},"jetpack_sharing_enabled":true,"_links":{"self":[{"href":"https:\/\/landoid.shop\/en\/wp-json\/wp\/v2\/product\/31712","targetHints":{"allow":["GET"]}}],"collection":[{"href":"https:\/\/landoid.shop\/en\/wp-json\/wp\/v2\/product"}],"about":[{"href":"https:\/\/landoid.shop\/en\/wp-json\/wp\/v2\/types\/product"}],"replies":[{"embeddable":true,"href":"https:\/\/landoid.shop\/en\/wp-json\/wp\/v2\/comments?post=31712"}],"version-history":[{"count":0,"href":"https:\/\/landoid.shop\/en\/wp-json\/wp\/v2\/product\/31712\/revisions"}],"wp:featuredmedia":[{"embeddable":true,"href":"https:\/\/landoid.shop\/en\/wp-json\/wp\/v2\/media\/31775"}],"wp:attachment":[{"href":"https:\/\/landoid.shop\/en\/wp-json\/wp\/v2\/media?parent=31712"}],"wp:term":[{"taxonomy":"product_brand","embeddable":true,"href":"https:\/\/landoid.shop\/en\/wp-json\/wp\/v2\/product_brand?post=31712"},{"taxonomy":"product_cat","embeddable":true,"href":"https:\/\/landoid.shop\/en\/wp-json\/wp\/v2\/product_cat?post=31712"},{"taxonomy":"product_tag","embeddable":true,"href":"https:\/\/landoid.shop\/en\/wp-json\/wp\/v2\/product_tag?post=31712"}],"curies":[{"name":"wp","href":"https:\/\/api.w.org\/{rel}","templated":true}]}}