{"id":31724,"date":"2026-05-11T10:55:41","date_gmt":"2026-05-11T10:55:41","guid":{"rendered":"https:\/\/landoid.shop\/product\/intex-schwimmbadrahmen-set-ultra-quadra-549-x-274-x-132-cm-xtr-26356\/"},"modified":"2026-05-11T10:55:42","modified_gmt":"2026-05-11T10:55:42","slug":"intex-schwimmbadrahmen-set-ultra-quadra-549-x-274-x-132-cm-xtr-26356","status":"publish","type":"product","link":"https:\/\/landoid.shop\/en\/product\/intex-schwimmbadrahmen-set-ultra-quadra-549-x-274-x-132-cm-xtr-26356\/","title":{"rendered":"Intex Ultra XTR Quadra Frame Pool Set 549x274x132 cm 26356"},"content":{"rendered":"<p><strong>Product Overview<\/strong><\/p>\n<ul>\n<li>\n<strong>Marke:<\/strong> Intex<\/li>\n<li>\n<strong>Kapazit\u00e4t:<\/strong> 17,2 Liter<\/li>\n<li>\n<strong>Produktabmessungen:<\/strong> 5,49L x 2,74B x 1,32H m<\/li>\n<li>\n<strong>Form:<\/strong> Rechteckig<\/li>\n<li>\n<strong>Farbe:<\/strong> Grau<\/li>\n<\/ul>\n<p><strong>Product Features<\/strong><\/p>\n<ul>\n<li>Aufstellpool Ultra XTR Frame Rechteckig, 549x274x132 cm<\/li>\n<li>Ultra XTR Frame Pool: Topmodell mit verzinktem Stahlrahmen und SuperTough PVC-W\u00e4nden. Elegant, langlebig und mit Mosaikfolie \u2013 perfekt f\u00fcr gro\u00dfe R\u00e4ume und h\u00f6chsten Spa\u00df.<\/li>\n<li>Das Paket enth\u00e4lt das gesamte Zubeh\u00f6r f\u00fcr ein komplettes Erlebnis: Sandfilterpumpe 5700 L\/h, die an die 38-mm-Anschl\u00fcsse angeschlossen werden kann, ausgestattet mit einem Bel\u00fcftungssystem der Hydro-Technologie f\u00fcr eine bessere Filtration, Reinheit und Klarheit des Wassers; eine Sicherheitsleiter; ein Basisblech, auf dem der Pool aufgestellt werden kann; eine Abdeckung, um es vor Schmutz und Witterungseinfl\u00fcssen zu sch\u00fctzen<\/li>\n<li>Das Stangeneinhaksystem erm\u00f6glicht eine einfache und sichere Montage in nur 60 Minuten<\/li>\n<li>Wasserinhalt: 17293 L bei 90% F\u00fcllung<\/li>\n<\/ul>\n<p><strong>Product Information<\/strong><\/p>\n<ul>\n<table style=\"margin-bottom:20px\">\n<tbody>\n<tr>\n<td><strong>Marke<\/strong><\/td>\n<td>Intex<\/td>\n<\/tr>\n<tr>\n<td><strong>Enthaltene Komponenten<\/strong><\/td>\n<td>Leiter, Bodenplane, Abdeckung, Filterpumpe<\/td>\n<\/tr>\n<tr>\n<td><strong>Hersteller<\/strong><\/td>\n<td>Intex<\/td>\n<\/tr>\n<tr>\n<td><strong>Erforderliche Montage<\/strong><\/td>\n<td>Nein<\/td>\n<\/tr>\n<tr>\n<td><strong>Besondere Merkmale<\/strong><\/td>\n<td>Hydro Technology und Ultra Frame, Schnelle Einrichtung, SuperTough-PVC-Konstruktion<\/td>\n<\/tr>\n<tr>\n<td><strong>Verwendung im Innen- und Au\u00dfenbereich<\/strong><\/td>\n<td>Au\u00dfenbereich<\/td>\n<\/tr>\n<tr>\n<td><strong>Modellnummer<\/strong><\/td>\n<td>26356<\/td>\n<\/tr>\n<tr>\n<td><strong>Artikelnummer<\/strong><\/td>\n<td>26356<\/td>\n<\/tr>\n<tr>\n<td><strong>Artikeltypbezeichnung<\/strong><\/td>\n<td>Aufstellpool, Pool, Above Ground Pool<\/td>\n<\/tr>\n<tr>\n<td><strong>Global Trade Identification Number<\/strong><\/td>\n<td>06941057400525, 06941057408200, 06941057413808, 06941057413815, 16941057413812<\/td>\n<\/tr>\n<tr>\n<td><strong>Amazon Bestseller-Rang<\/strong><\/td>\n<td><\/td>\n<\/tr>\n<tr>\n<td><strong>ASIN<\/strong><\/td>\n<td>B07FB8XZ7Z<\/td>\n<\/tr>\n<tr>\n<td><strong>Durchschnittliche Kundenbewertung<\/strong><\/td>\n<td><\/td>\n<\/tr>\n<tr>\n<td><strong>Capacity<\/strong><\/td>\n<td>17,2 Liter<\/td>\n<\/tr>\n<tr>\n<td><strong>Artikel Abmessungen L x B x H<\/strong><\/td>\n<td>5,49L x 2,74B x 1,32H m<\/td>\n<\/tr>\n<tr>\n<td><strong>Artikelgewicht<\/strong><\/td>\n<td>114,7 Kilogramm<\/td>\n<\/tr>\n<tr>\n<td><strong>Artikelform<\/strong><\/td>\n<td>Rechteckig<\/td>\n<\/tr>\n<tr>\n<td><strong>Farbe<\/strong><\/td>\n<td>Grau<\/td>\n<\/tr>\n<tr>\n<td><strong>Material<\/strong><\/td>\n<td>Polyvinylchlorid (PVC)<\/td>\n<\/tr>\n<\/tbody>\n<\/table>\n<\/ul>","protected":false},"excerpt":{"rendered":"<p>Product Overview Marke: Intex Kapazit\u00e4t: 17,2 Liter Produktabmessungen: 5,49L x 2,74B x 1,32H m Form: Rechteckig Farbe: Grau Product Features<\/p>","protected":false},"featured_media":31822,"comment_status":"open","ping_status":"closed","template":"","meta":[],"product_brand":[],"product_cat":[153],"product_tag":[],"class_list":{"0":"post-31724","1":"product","2":"type-product","3":"status-publish","4":"has-post-thumbnail","6":"product_cat-aufstellpools","8":"first","9":"instock","10":"sale","11":"shipping-taxable","12":"purchasable","13":"product-type-variable"},"jetpack_sharing_enabled":true,"_links":{"self":[{"href":"https:\/\/landoid.shop\/en\/wp-json\/wp\/v2\/product\/31724","targetHints":{"allow":["GET"]}}],"collection":[{"href":"https:\/\/landoid.shop\/en\/wp-json\/wp\/v2\/product"}],"about":[{"href":"https:\/\/landoid.shop\/en\/wp-json\/wp\/v2\/types\/product"}],"replies":[{"embeddable":true,"href":"https:\/\/landoid.shop\/en\/wp-json\/wp\/v2\/comments?post=31724"}],"version-history":[{"count":0,"href":"https:\/\/landoid.shop\/en\/wp-json\/wp\/v2\/product\/31724\/revisions"}],"wp:featuredmedia":[{"embeddable":true,"href":"https:\/\/landoid.shop\/en\/wp-json\/wp\/v2\/media\/31822"}],"wp:attachment":[{"href":"https:\/\/landoid.shop\/en\/wp-json\/wp\/v2\/media?parent=31724"}],"wp:term":[{"taxonomy":"product_brand","embeddable":true,"href":"https:\/\/landoid.shop\/en\/wp-json\/wp\/v2\/product_brand?post=31724"},{"taxonomy":"product_cat","embeddable":true,"href":"https:\/\/landoid.shop\/en\/wp-json\/wp\/v2\/product_cat?post=31724"},{"taxonomy":"product_tag","embeddable":true,"href":"https:\/\/landoid.shop\/en\/wp-json\/wp\/v2\/product_tag?post=31724"}],"curies":[{"name":"wp","href":"https:\/\/api.w.org\/{rel}","templated":true}]}}