{"id":31726,"date":"2026-05-11T10:55:42","date_gmt":"2026-05-11T10:55:42","guid":{"rendered":"https:\/\/landoid.shop\/product\/summer-waves-frame-pool-komplettset-rechteckig-549x274x132-cm-grau-aufstellpool-set-gartenpool-schwimmbecken-inkl-sandfilterpumpe-bodenvlies-abdeckplane-einstiegsleiter\/"},"modified":"2026-05-11T10:55:42","modified_gmt":"2026-05-11T10:55:42","slug":"summer-waves-frame-pool-komplettset-rechteckig-549x274x132-cm-grau-aufstellpool-set-gartenpool-schwimmbecken-inkl-sandfilterpumpe-bodenvlies-abdeckplane-einstiegsleiter","status":"publish","type":"product","link":"https:\/\/landoid.shop\/en\/product\/summer-waves-frame-pool-komplettset-rechteckig-549x274x132-cm-grau-aufstellpool-set-gartenpool-schwimmbecken-inkl-sandfilterpumpe-bodenvlies-abdeckplane-einstiegsleiter\/","title":{"rendered":"Summer Waves Frame Pool Rechteckig 549x274x132 cm Grau Sandfilterpumpe Bodenvlies Abdeckplane Leiter"},"content":{"rendered":"<p><strong>Product Overview<\/strong><\/p>\n<ul>\n<li>\n<strong>Marke:<\/strong> Summer Waves<\/li>\n<li>\n<strong>Kapazit\u00e4t:<\/strong> 17,87 Liter<\/li>\n<li>\n<strong>Produktabmessungen:<\/strong> 5,49L x 2,74B x 1,32H m<\/li>\n<li>\n<strong>Form:<\/strong> Rechteckig<\/li>\n<li>\n<strong>Farbe:<\/strong> Grau<\/li>\n<\/ul>\n<p><strong>Product Features<\/strong><\/p>\n<ul>\n<li>ABMESSUNGEN: Dieser Pool von Summer Waves ist rechteckig, 549 cm lang und 274 cm breit. Die H\u00f6he des Gartenpools betr\u00e4gt 132 cm und bietet Platz f\u00fcr bis zu 7 Personen!<\/li>\n<li>QUALIT\u00c4T: Die Frame Pools von Summer Waves punkten durch ihre hohe Qualit\u00e4t, dem m\u00fchelosen als auch dem unkomplizierten Aufbau und ihrer Langlebigkeit bei richtiger Pflege und Lagerung au\u00dferhalb der Poolsaison!<\/li>\n<li>IM LIEFERUMFANG ENTHALTEN: Dieser Swimmingpool wird inklusive einer Sandfilteranlage, Bodenvlies, Abdeckplane, Reinigungsset und einer Einstiegsleiter geliefert. Raus aus der Hitze, rein in das k\u00fchle Nass!<\/li>\n<li>MATERIAL: Die Frame Pools von Summer Waves werden aus einem hochwertigen PVC-Polyester-Mix hergestellt und sind durch die Materialbeschaffenheit \u00e4u\u00dferst robust und widerstandsf\u00e4hig. Der perfekte Gartenpool!<\/li>\n<li>SUMMER WAVES SWIMMINGPOOL: Ein toller Pool f\u00fcr die gesamte Familie. Tauchen Sie ein und genie\u00dfen Sie den Sommer in vollen Z\u00fcgen in Ihrem heimischen Garten!<\/li>\n<\/ul>\n<p><strong>Product Information<\/strong><\/p>\n<ul>\n<table style=\"margin-bottom:20px\">\n<tbody>\n<tr>\n<td><strong>Marke<\/strong><\/td>\n<td>Summer Waves<\/td>\n<\/tr>\n<tr>\n<td><strong>Erforderliche Montage<\/strong><\/td>\n<td>Ja<\/td>\n<\/tr>\n<tr>\n<td><strong>Besondere Merkmale<\/strong><\/td>\n<td>robuste Poolkonstruktion, Schnellaufbau durch Snap-in System, SkimmerPlus Filterpumpe f\u00fcr permanente Reinigung, Mosaik Innenseite<\/td>\n<\/tr>\n<tr>\n<td><strong>Verwendung im Innen- und Au\u00dfenbereich<\/strong><\/td>\n<td>Au\u00dfenbereich<\/td>\n<\/tr>\n<tr>\n<td><strong>Modellnummer<\/strong><\/td>\n<td>41809522-AN<\/td>\n<\/tr>\n<tr>\n<td><strong>Artikelnummer<\/strong><\/td>\n<td>PGP41809522-AN<\/td>\n<\/tr>\n<tr>\n<td><strong>Anzahl von Einheiten<\/strong><\/td>\n<td>1.0 st\u00fcck<\/td>\n<\/tr>\n<tr>\n<td><strong>Amazon Bestseller-Rang<\/strong><\/td>\n<td><\/td>\n<\/tr>\n<tr>\n<td><strong>ASIN<\/strong><\/td>\n<td>B0B9369F8B<\/td>\n<\/tr>\n<tr>\n<td><strong>Durchschnittliche Kundenbewertung<\/strong><\/td>\n<td><\/td>\n<\/tr>\n<tr>\n<td><strong>Capacity<\/strong><\/td>\n<td>17,87 Liter<\/td>\n<\/tr>\n<tr>\n<td><strong>Artikel Abmessungen L x B x H<\/strong><\/td>\n<td>5,49L x 2,74B x 1,32H m<\/td>\n<\/tr>\n<tr>\n<td><strong>Artikelgewicht<\/strong><\/td>\n<td>140 Kilogramm<\/td>\n<\/tr>\n<tr>\n<td><strong>Artikelform<\/strong><\/td>\n<td>Rechteckig<\/td>\n<\/tr>\n<tr>\n<td><strong>Farbe<\/strong><\/td>\n<td>Grau<\/td>\n<\/tr>\n<tr>\n<td><strong>Material<\/strong><\/td>\n<td>PVC-Polyester-Mix<\/td>\n<\/tr>\n<\/tbody>\n<\/table>\n<\/ul>","protected":false},"excerpt":{"rendered":"<p>Product Overview Marke: Summer Waves Kapazit\u00e4t: 17,87 Liter Produktabmessungen: 5,49L x 2,74B x 1,32H m Form: Rechteckig Farbe: Grau Product<\/p>","protected":false},"featured_media":31831,"comment_status":"open","ping_status":"closed","template":"","meta":[],"product_brand":[],"product_cat":[153],"product_tag":[],"class_list":{"0":"post-31726","1":"product","2":"type-product","3":"status-publish","4":"has-post-thumbnail","6":"product_cat-aufstellpools","8":"first","9":"instock","10":"sale","11":"shipping-taxable","12":"purchasable","13":"product-type-variable"},"jetpack_sharing_enabled":true,"_links":{"self":[{"href":"https:\/\/landoid.shop\/en\/wp-json\/wp\/v2\/product\/31726","targetHints":{"allow":["GET"]}}],"collection":[{"href":"https:\/\/landoid.shop\/en\/wp-json\/wp\/v2\/product"}],"about":[{"href":"https:\/\/landoid.shop\/en\/wp-json\/wp\/v2\/types\/product"}],"replies":[{"embeddable":true,"href":"https:\/\/landoid.shop\/en\/wp-json\/wp\/v2\/comments?post=31726"}],"version-history":[{"count":0,"href":"https:\/\/landoid.shop\/en\/wp-json\/wp\/v2\/product\/31726\/revisions"}],"wp:featuredmedia":[{"embeddable":true,"href":"https:\/\/landoid.shop\/en\/wp-json\/wp\/v2\/media\/31831"}],"wp:attachment":[{"href":"https:\/\/landoid.shop\/en\/wp-json\/wp\/v2\/media?parent=31726"}],"wp:term":[{"taxonomy":"product_brand","embeddable":true,"href":"https:\/\/landoid.shop\/en\/wp-json\/wp\/v2\/product_brand?post=31726"},{"taxonomy":"product_cat","embeddable":true,"href":"https:\/\/landoid.shop\/en\/wp-json\/wp\/v2\/product_cat?post=31726"},{"taxonomy":"product_tag","embeddable":true,"href":"https:\/\/landoid.shop\/en\/wp-json\/wp\/v2\/product_tag?post=31726"}],"curies":[{"name":"wp","href":"https:\/\/api.w.org\/{rel}","templated":true}]}}