{"id":31744,"date":"2026-05-11T10:55:44","date_gmt":"2026-05-11T10:55:44","guid":{"rendered":"https:\/\/landoid.shop\/product\/summer-waves-frame-pool-komplettset-rund-488x122-cm-rattanoptik-grau-aufstellpool-set-gartenpool-schwimmbecken-inkl-filterpumpe-einstiegsleiter-abdeckplane-bodenvlies-reinigungsset\/"},"modified":"2026-05-11T10:55:45","modified_gmt":"2026-05-11T10:55:45","slug":"summer-waves-frame-pool-komplettset-rund-488x122-cm-rattanoptik-grau-aufstellpool-set-gartenpool-schwimmbecken-inkl-filterpumpe-einstiegsleiter-abdeckplane-bodenvlies-reinigungsset","status":"publish","type":"product","link":"https:\/\/landoid.shop\/en\/product\/summer-waves-frame-pool-komplettset-rund-488x122-cm-rattanoptik-grau-aufstellpool-set-gartenpool-schwimmbecken-inkl-filterpumpe-einstiegsleiter-abdeckplane-bodenvlies-reinigungsset\/","title":{"rendered":"Summer Waves Frame Pool Rund 488&#215;122 cm Rattanoptik Grau Filterpumpe Leiter Abdeckplane Reinigungsset"},"content":{"rendered":"<p><strong>Product Overview<\/strong><\/p>\n<ul>\n<li>\n<strong>Marke:<\/strong> Summer Waves<\/li>\n<li>\n<strong>Kapazit\u00e4t:<\/strong> 19,86 Liter<\/li>\n<li>\n<strong>Produktabmessungen:<\/strong> 48,8L x 48,8B x 12,2H cm<\/li>\n<li>\n<strong>Form:<\/strong> Rund<\/li>\n<li>\n<strong>Farbe:<\/strong> Grau<\/li>\n<\/ul>\n<p><strong>Product Features<\/strong><\/p>\n<ul>\n<li>ABMESSUNGEN: Dieser Pool von Summer Waves ist rund und besitzt einen Durchmesser von 488 cm. Die H\u00f6he des Gartenpools betr\u00e4gt 122 cm und bietet Platz f\u00fcr bis zu 7 Personen!<\/li>\n<li>QUALIT\u00c4T: Die Frame Pools von Summer Waves punkten durch ihre hohe Qualit\u00e4t, dem m\u00fchelosen als auch dem unkomplizierten Aufbau und ihrer Langlebigkeit bei richtiger Pflege und Lagerung au\u00dferhalb der Poolsaison!<\/li>\n<li>IM LIEFERUMFANG ENTHALTEN: Dieser Swimmingpool wird inklusive eines Filtersystems mit Filterkartusche, Bodenvlies, Abdeckplane, Reinigungsset und einer Einstiegsleiter geliefert. Raus aus der Hitze, rein in das k\u00fchle Nass!<\/li>\n<li>MATERIAL: Die Frame Pools von Summer Waves werden aus einem hochwertigen PVC-Polyester-Mix hergestellt und sind durch die Materialbeschaffenheit \u00e4u\u00dferst robust und widerstandsf\u00e4hig. Der perfekte Gartenpool!<\/li>\n<li>SUMMER WAVES SWIMMINGPOOL: Ein toller Pool f\u00fcr die gesamte Familie. Tauchen Sie ein und genie\u00dfen Sie den Sommer in vollen Z\u00fcgen in Ihrem heimischen Garten!<\/li>\n<\/ul>\n<p><strong>Product Information<\/strong><\/p>\n<ul>\n<table style=\"margin-bottom:20px\">\n<tbody>\n<tr>\n<td><strong>Marke<\/strong><\/td>\n<td>Summer Waves<\/td>\n<\/tr>\n<tr>\n<td><strong>Erforderliche Montage<\/strong><\/td>\n<td>Ja<\/td>\n<\/tr>\n<tr>\n<td><strong>Verwendung im Innen- und Au\u00dfenbereich<\/strong><\/td>\n<td>Au\u00dfenbereich<\/td>\n<\/tr>\n<tr>\n<td><strong>Anzahl von Einheiten<\/strong><\/td>\n<td>1.0 st\u00fcck<\/td>\n<\/tr>\n<tr>\n<td><strong>Amazon Bestseller-Rang<\/strong><\/td>\n<td><\/td>\n<\/tr>\n<tr>\n<td><strong>ASIN<\/strong><\/td>\n<td>B0B123Y8SC<\/td>\n<\/tr>\n<tr>\n<td><strong>Durchschnittliche Kundenbewertung<\/strong><\/td>\n<td><\/td>\n<\/tr>\n<tr>\n<td><strong>Capacity<\/strong><\/td>\n<td>19,86 Liter<\/td>\n<\/tr>\n<tr>\n<td><strong>Artikel Abmessungen L x B x H<\/strong><\/td>\n<td>48,8L x 48,8B x 12,2H cm<\/td>\n<\/tr>\n<tr>\n<td><strong>Artikelgewicht<\/strong><\/td>\n<td>106 Kilogramm<\/td>\n<\/tr>\n<tr>\n<td><strong>Artikelform<\/strong><\/td>\n<td>Rund<\/td>\n<\/tr>\n<tr>\n<td><strong>Farbe<\/strong><\/td>\n<td>Grau<\/td>\n<\/tr>\n<tr>\n<td><strong>Material<\/strong><\/td>\n<td>PVC-Polyester-Mix<\/td>\n<\/tr>\n<\/tbody>\n<\/table>\n<\/ul>","protected":false},"excerpt":{"rendered":"<p>Product Overview Marke: Summer Waves Kapazit\u00e4t: 19,86 Liter Produktabmessungen: 48,8L x 48,8B x 12,2H cm Form: Rund Farbe: Grau Product<\/p>","protected":false},"featured_media":31867,"comment_status":"open","ping_status":"closed","template":"","meta":[],"product_brand":[],"product_cat":[153],"product_tag":[],"class_list":{"0":"post-31744","1":"product","2":"type-product","3":"status-publish","4":"has-post-thumbnail","6":"product_cat-aufstellpools","8":"first","9":"instock","10":"sale","11":"shipping-taxable","12":"purchasable","13":"product-type-variable"},"jetpack_sharing_enabled":true,"_links":{"self":[{"href":"https:\/\/landoid.shop\/en\/wp-json\/wp\/v2\/product\/31744","targetHints":{"allow":["GET"]}}],"collection":[{"href":"https:\/\/landoid.shop\/en\/wp-json\/wp\/v2\/product"}],"about":[{"href":"https:\/\/landoid.shop\/en\/wp-json\/wp\/v2\/types\/product"}],"replies":[{"embeddable":true,"href":"https:\/\/landoid.shop\/en\/wp-json\/wp\/v2\/comments?post=31744"}],"version-history":[{"count":0,"href":"https:\/\/landoid.shop\/en\/wp-json\/wp\/v2\/product\/31744\/revisions"}],"wp:featuredmedia":[{"embeddable":true,"href":"https:\/\/landoid.shop\/en\/wp-json\/wp\/v2\/media\/31867"}],"wp:attachment":[{"href":"https:\/\/landoid.shop\/en\/wp-json\/wp\/v2\/media?parent=31744"}],"wp:term":[{"taxonomy":"product_brand","embeddable":true,"href":"https:\/\/landoid.shop\/en\/wp-json\/wp\/v2\/product_brand?post=31744"},{"taxonomy":"product_cat","embeddable":true,"href":"https:\/\/landoid.shop\/en\/wp-json\/wp\/v2\/product_cat?post=31744"},{"taxonomy":"product_tag","embeddable":true,"href":"https:\/\/landoid.shop\/en\/wp-json\/wp\/v2\/product_tag?post=31744"}],"curies":[{"name":"wp","href":"https:\/\/api.w.org\/{rel}","templated":true}]}}